{"id":1845,"date":"2025-03-07T02:28:44","date_gmt":"2025-03-07T02:28:44","guid":{"rendered":"https:\/\/oikos-schoetz.ch\/wordpress\/?page_id=1845"},"modified":"2026-04-26T18:35:33","modified_gmt":"2026-04-26T18:35:33","slug":"startseite","status":"publish","type":"page","link":"https:\/\/oikos-schoetz.ch\/wordpress\/","title":{"rendered":"Startseite"},"content":{"rendered":"\t\t<div data-elementor-type=\"wp-page\" data-elementor-id=\"1845\" class=\"elementor elementor-1845\" data-elementor-post-type=\"page\">\n\t\t\t\t<div class=\"elementor-element elementor-element-3773e6f e-flex e-con-boxed wpr-particle-no wpr-jarallax-no wpr-parallax-no wpr-sticky-section-no e-con e-parent\" data-id=\"3773e6f\" data-element_type=\"container\">\n\t\t\t\t\t<div class=\"e-con-inner\">\n\t\t\t\t<div class=\"elementor-element elementor-element-b32b6cb elementor-widget elementor-widget-spacer\" data-id=\"b32b6cb\" data-element_type=\"widget\" data-widget_type=\"spacer.default\">\n\t\t\t\t<div class=\"elementor-widget-container\">\n\t\t\t\t\t\t\t<div class=\"elementor-spacer\">\n\t\t\t<div class=\"elementor-spacer-inner\"><\/div>\n\t\t<\/div>\n\t\t\t\t\t\t<\/div>\n\t\t\t\t<\/div>\n\t\t\t\t\t<\/div>\n\t\t\t\t<\/div>\n\t\t<div class=\"elementor-element elementor-element-c3f60c9 e-flex e-con-boxed wpr-particle-no wpr-jarallax-no wpr-parallax-no wpr-sticky-section-no e-con e-parent\" data-id=\"c3f60c9\" data-element_type=\"container\">\n\t\t\t\t\t<div class=\"e-con-inner\">\n\t\t\t\t<div class=\"elementor-element elementor-element-66a12c9 elementor-widget elementor-widget-spacer\" data-id=\"66a12c9\" data-element_type=\"widget\" data-widget_type=\"spacer.default\">\n\t\t\t\t<div class=\"elementor-widget-container\">\n\t\t\t\t\t\t\t<div class=\"elementor-spacer\">\n\t\t\t<div class=\"elementor-spacer-inner\"><\/div>\n\t\t<\/div>\n\t\t\t\t\t\t<\/div>\n\t\t\t\t<\/div>\n\t\t\t\t\t<\/div>\n\t\t\t\t<\/div>\n\t\t<div class=\"elementor-element elementor-element-2517a7d e-grid e-con-boxed wpr-particle-no wpr-jarallax-no wpr-parallax-no wpr-sticky-section-no e-con e-parent\" data-id=\"2517a7d\" data-element_type=\"container\" data-settings=\"{&quot;background_background&quot;:&quot;classic&quot;}\">\n\t\t\t\t\t<div class=\"e-con-inner\">\n\t\t\t\t<div class=\"elementor-element elementor-element-69c28ef e-transform elementor-widget elementor-widget-text-editor\" data-id=\"69c28ef\" data-element_type=\"widget\" data-settings=\"{&quot;_transform_scale_effect_hover&quot;:{&quot;unit&quot;:&quot;px&quot;,&quot;size&quot;:1.1,&quot;sizes&quot;:[]},&quot;_transform_scale_effect_hover_mobile&quot;:{&quot;unit&quot;:&quot;px&quot;,&quot;size&quot;:1,&quot;sizes&quot;:[]},&quot;_transform_scale_effect_hover_tablet&quot;:{&quot;unit&quot;:&quot;px&quot;,&quot;size&quot;:&quot;&quot;,&quot;sizes&quot;:[]}}\" data-widget_type=\"text-editor.default\">\n\t\t\t\t<div class=\"elementor-widget-container\">\n\t\t\t\t\t\t\t\t\t<h4 style=\"text-align: center;\">Gottesdienste<\/h4><h4 style=\"text-align: center;\"><img fetchpriority=\"high\" decoding=\"async\" class=\"size-full wp-image-97 aligncenter\" src=\"https:\/\/oikos-schoetz.ch\/wordpress\/wp-content\/uploads\/2025\/03\/GD001.jpg\" alt=\"\" width=\"251\" height=\"251\" \/><\/h4><p style=\"text-align: left;\">Wir feiern 14-t\u00e4gliche lebendige und bereichernde Gottesdienste jeweils am Sonntagabend in Sch\u00f6tz. Du bist herzlich willkommen.<\/p><p style=\"text-align: center;\"><a href=\"https:\/\/oikos-schoetz.ch\/wordpress\/?page_id=2074\"><span style=\"text-decoration: underline;\">Weiterlesen<\/span><\/a><\/p>\t\t\t\t\t\t\t\t<\/div>\n\t\t\t\t<\/div>\n\t\t\t\t<div class=\"elementor-element elementor-element-5b8b88a e-transform elementor-widget elementor-widget-text-editor\" data-id=\"5b8b88a\" data-element_type=\"widget\" data-settings=\"{&quot;_transform_scale_effect_hover&quot;:{&quot;unit&quot;:&quot;px&quot;,&quot;size&quot;:1.1,&quot;sizes&quot;:[]},&quot;_transform_scale_effect_hover_mobile&quot;:{&quot;unit&quot;:&quot;px&quot;,&quot;size&quot;:1,&quot;sizes&quot;:[]},&quot;_transform_scale_effect_hover_tablet&quot;:{&quot;unit&quot;:&quot;px&quot;,&quot;size&quot;:&quot;&quot;,&quot;sizes&quot;:[]}}\" data-widget_type=\"text-editor.default\">\n\t\t\t\t<div class=\"elementor-widget-container\">\n\t\t\t\t\t\t\t\t\t<h4 style=\"text-align: center;\">Predigten<\/h4><p>\u00a0<\/p><p><img decoding=\"async\" class=\" wp-image-91 aligncenter\" src=\"https:\/\/oikos-schoetz.ch\/wordpress\/wp-content\/uploads\/2025\/03\/Prdigten.jpg\" alt=\"\" width=\"250\" height=\"251\" \/><\/p><p>Alle unsere Predigten werden aufgezeichnet. M\u00f6chtest du nochmals reinh\u00f6ren, oder hast du eine verpasst? Dann bist du hier richtig.<\/p><p style=\"text-align: center;\"><a href=\"https:\/\/oikos-schoetz.ch\/wordpress\/?page_id=1925\"><span style=\"text-decoration: underline;\">Weiterlesen<\/span><\/a><\/p>\t\t\t\t\t\t\t\t<\/div>\n\t\t\t\t<\/div>\n\t\t\t\t<div class=\"elementor-element elementor-element-c828019 e-transform elementor-widget elementor-widget-text-editor\" data-id=\"c828019\" data-element_type=\"widget\" data-settings=\"{&quot;_transform_scale_effect_hover&quot;:{&quot;unit&quot;:&quot;px&quot;,&quot;size&quot;:1.1,&quot;sizes&quot;:[]},&quot;_transform_scale_effect_hover_mobile&quot;:{&quot;unit&quot;:&quot;px&quot;,&quot;size&quot;:1,&quot;sizes&quot;:[]},&quot;_transform_scale_effect_hover_tablet&quot;:{&quot;unit&quot;:&quot;px&quot;,&quot;size&quot;:&quot;&quot;,&quot;sizes&quot;:[]}}\" data-widget_type=\"text-editor.default\">\n\t\t\t\t<div class=\"elementor-widget-container\">\n\t\t\t\t\t\t\t\t\t<h4 style=\"text-align: center;\">Gebetsabend Bibelabend Treffpunkt<\/h4><pre><img decoding=\"async\" class=\"aligncenter wp-image-1891\" src=\"https:\/\/oikos-schoetz.ch\/wordpress\/wp-content\/uploads\/2025\/03\/Gebetsa.jpg\" alt=\"\" width=\"250\" height=\"250\" \/><\/pre><p>Jeden Mittwochabend treffen wir uns zu einem Gebets-, Bibelabend oder zum Treffpunkt. Wir nehmen uns Zeit f\u00fcr unsere Beziehung mit Gott.<\/p><p style=\"text-align: center;\"><a href=\"https:\/\/oikos-schoetz.ch\/wordpress\/?page_id=2176\"><span style=\"text-decoration: underline;\">Weiterlesen<\/span><\/a><\/p>\t\t\t\t\t\t\t\t<\/div>\n\t\t\t\t<\/div>\n\t\t\t\t<div class=\"elementor-element elementor-element-fa29c96 e-transform elementor-widget elementor-widget-text-editor\" data-id=\"fa29c96\" data-element_type=\"widget\" data-settings=\"{&quot;_transform_scale_effect_hover&quot;:{&quot;unit&quot;:&quot;px&quot;,&quot;size&quot;:1.1,&quot;sizes&quot;:[]},&quot;_transform_scale_effect_hover_mobile&quot;:{&quot;unit&quot;:&quot;px&quot;,&quot;size&quot;:1,&quot;sizes&quot;:[]},&quot;_transform_scale_effect_hover_tablet&quot;:{&quot;unit&quot;:&quot;px&quot;,&quot;size&quot;:&quot;&quot;,&quot;sizes&quot;:[]}}\" data-widget_type=\"text-editor.default\">\n\t\t\t\t<div class=\"elementor-widget-container\">\n\t\t\t\t\t\t\t\t\t<h4 style=\"text-align: center;\">Vision<\/h4><p>\u00a0<\/p><p><img loading=\"lazy\" decoding=\"async\" class=\"wp-image-1855 aligncenter\" src=\"https:\/\/oikos-schoetz.ch\/wordpress\/wp-content\/uploads\/2025\/03\/Vision.jpg\" alt=\"\" width=\"250\" height=\"250\" \/><\/p><p style=\"text-align: left;\">Unsere Vision ist eine gesunde und wachsende Kirche, die so sehr begeistert, dass immer mehr Menschen Gott gemeinsam anbeten.<\/p><p style=\"text-align: center;\"><a href=\"https:\/\/oikos-schoetz.ch\/wordpress\/?page_id=2099\"><span style=\"text-decoration: underline;\">Weiterlesen<\/span><\/a><\/p>\t\t\t\t\t\t\t\t<\/div>\n\t\t\t\t<\/div>\n\t\t\t\t\t<\/div>\n\t\t\t\t<\/div>\n\t\t<div class=\"elementor-element elementor-element-c262f6b e-flex e-con-boxed wpr-particle-no wpr-jarallax-no wpr-parallax-no wpr-sticky-section-no e-con e-parent\" data-id=\"c262f6b\" data-element_type=\"container\">\n\t\t\t\t\t<div class=\"e-con-inner\">\n\t\t\t\t<div class=\"elementor-element elementor-element-3adf2f8 elementor-widget elementor-widget-spacer\" data-id=\"3adf2f8\" data-element_type=\"widget\" data-widget_type=\"spacer.default\">\n\t\t\t\t<div class=\"elementor-widget-container\">\n\t\t\t\t\t\t\t<div class=\"elementor-spacer\">\n\t\t\t<div class=\"elementor-spacer-inner\"><\/div>\n\t\t<\/div>\n\t\t\t\t\t\t<\/div>\n\t\t\t\t<\/div>\n\t\t\t\t\t<\/div>\n\t\t\t\t<\/div>\n\t\t<div class=\"elementor-element elementor-element-5cbe565 e-flex e-con-boxed wpr-particle-no wpr-jarallax-no wpr-parallax-no wpr-sticky-section-no e-con e-parent\" data-id=\"5cbe565\" data-element_type=\"container\">\n\t\t\t\t\t<div class=\"e-con-inner\">\n\t\t\t\t<div class=\"elementor-element elementor-element-0c75c18 elementor-widget elementor-widget-spacer\" data-id=\"0c75c18\" data-element_type=\"widget\" data-widget_type=\"spacer.default\">\n\t\t\t\t<div class=\"elementor-widget-container\">\n\t\t\t\t\t\t\t<div class=\"elementor-spacer\">\n\t\t\t<div class=\"elementor-spacer-inner\"><\/div>\n\t\t<\/div>\n\t\t\t\t\t\t<\/div>\n\t\t\t\t<\/div>\n\t\t\t\t\t<\/div>\n\t\t\t\t<\/div>\n\t\t<div class=\"elementor-element elementor-element-392f619 e-flex e-con-boxed wpr-particle-no wpr-jarallax-no wpr-parallax-no wpr-sticky-section-no e-con e-parent\" data-id=\"392f619\" data-element_type=\"container\">\n\t\t\t\t\t<div class=\"e-con-inner\">\n\t\t<div class=\"elementor-element elementor-element-072cb70 e-con-full e-flex wpr-particle-no wpr-jarallax-no wpr-parallax-no wpr-sticky-section-no e-con e-child\" data-id=\"072cb70\" data-element_type=\"container\">\n\t\t\t\t<div class=\"elementor-element elementor-element-e6da32b elementor-widget elementor-widget-image\" data-id=\"e6da32b\" data-element_type=\"widget\" data-widget_type=\"image.default\">\n\t\t\t\t<div class=\"elementor-widget-container\">\n\t\t\t\t\t\t\t\t\t\t\t\t\t\t\t<img decoding=\"async\" src=\"https:\/\/oikos-schoetz.ch\/wordpress\/wp-content\/uploads\/2026\/04\/GD100526Flyer.jpg\" title=\"GD100526Flyer\" alt=\"GD100526Flyer\" loading=\"lazy\" \/>\t\t\t\t\t\t\t\t\t\t\t\t\t\t\t<\/div>\n\t\t\t\t<\/div>\n\t\t\t\t<\/div>\n\t\t<div class=\"elementor-element elementor-element-6dab9b3 e-con-full e-flex wpr-particle-no wpr-jarallax-no wpr-parallax-no wpr-sticky-section-no e-con e-child\" data-id=\"6dab9b3\" data-element_type=\"container\">\n\t\t\t\t<div class=\"elementor-element elementor-element-91ed23a elementor-widget elementor-widget-image\" data-id=\"91ed23a\" data-element_type=\"widget\" data-widget_type=\"image.default\">\n\t\t\t\t<div class=\"elementor-widget-container\">\n\t\t\t\t\t\t\t\t\t\t\t\t\t\t\t<img loading=\"lazy\" decoding=\"async\" width=\"960\" height=\"674\" src=\"https:\/\/oikos-schoetz.ch\/wordpress\/wp-content\/uploads\/2026\/01\/Jahresflyer-png-26-001-1024x719.png\" class=\"attachment-large size-large wp-image-2441\" alt=\"\" srcset=\"https:\/\/oikos-schoetz.ch\/wordpress\/wp-content\/uploads\/2026\/01\/Jahresflyer-png-26-001-1024x719.png 1024w, https:\/\/oikos-schoetz.ch\/wordpress\/wp-content\/uploads\/2026\/01\/Jahresflyer-png-26-001-300x211.png 300w, https:\/\/oikos-schoetz.ch\/wordpress\/wp-content\/uploads\/2026\/01\/Jahresflyer-png-26-001-768x539.png 768w, https:\/\/oikos-schoetz.ch\/wordpress\/wp-content\/uploads\/2026\/01\/Jahresflyer-png-26-001-1536x1078.png 1536w, https:\/\/oikos-schoetz.ch\/wordpress\/wp-content\/uploads\/2026\/01\/Jahresflyer-png-26-001.png 1769w\" sizes=\"(max-width: 960px) 100vw, 960px\" \/>\t\t\t\t\t\t\t\t\t\t\t\t\t\t\t<\/div>\n\t\t\t\t<\/div>\n\t\t<div class=\"elementor-element elementor-element-cbbe362 e-con-full e-flex wpr-particle-no wpr-jarallax-no wpr-parallax-no wpr-sticky-section-no e-con e-child\" data-id=\"cbbe362\" data-element_type=\"container\">\n\t\t\t\t<div class=\"elementor-element elementor-element-5755a08 elementor-widget elementor-widget-text-editor\" data-id=\"5755a08\" data-element_type=\"widget\" data-widget_type=\"text-editor.default\">\n\t\t\t\t<div class=\"elementor-widget-container\">\n\t\t\t\t\t\t\t\t\t<h4>Das Leitungsteam<\/h4><p><img loading=\"lazy\" decoding=\"async\" class=\"wp-image-1886 size-medium alignright\" src=\"https:\/\/oikos-schoetz.ch\/wordpress\/wp-content\/uploads\/2025\/03\/Team-Retr-300x154.jpg\" alt=\"\" width=\"300\" height=\"154\" \/><\/p><p>Unser Team besteht aus zwei Familien von Sch\u00f6tz. Wir haben selbst erlebt, wie Gott mit uns arbeitet und zu welchen Wundern er f\u00e4hig ist.<\/p><p><a href=\"https:\/\/oikos-schoetz.ch\/wordpress\/?page_id=2109\"><span style=\"text-decoration: underline;\">Weiterlesen<\/span><\/a><\/p>\t\t\t\t\t\t\t\t<\/div>\n\t\t\t\t<\/div>\n\t\t\t\t<div class=\"elementor-element elementor-element-26318fd elementor-widget elementor-widget-text-editor\" data-id=\"26318fd\" data-element_type=\"widget\" data-widget_type=\"text-editor.default\">\n\t\t\t\t<div class=\"elementor-widget-container\">\n\t\t\t\t\t\t\t\t\t<h4>Unterst\u00fctzung<\/h4><p>Gerne kannst du das Oikos unterst\u00fctzen. Du f\u00f6rderst damit unsere Gottesdienste und Events sowie Projekte ausserhalb unserer Kirche.<\/p><h4><a href=\"https:\/\/oikos-schoetz.ch\/wordpress\/?page_id=2196\"><span style=\"text-decoration: underline;\">Spenden<\/span><\/a><\/h4>\t\t\t\t\t\t\t\t<\/div>\n\t\t\t\t<\/div>\n\t\t\t\t<\/div>\n\t\t\t\t<\/div>\n\t\t\t\t\t<\/div>\n\t\t\t\t<\/div>\n\t\t<div class=\"elementor-element elementor-element-97917c6 e-flex e-con-boxed wpr-particle-no wpr-jarallax-no wpr-parallax-no wpr-sticky-section-no e-con e-parent\" data-id=\"97917c6\" data-element_type=\"container\">\n\t\t\t\t\t<div class=\"e-con-inner\">\n\t\t\t\t\t<\/div>\n\t\t\t\t<\/div>\n\t\t\t\t<\/div>\n\t\t","protected":false},"excerpt":{"rendered":"<p>Gottesdienste Wir feiern 14-t\u00e4gliche lebendige und bereichernde Gottesdienste jeweils am Sonntagabend in Sch\u00f6tz. Du bist herzlich willkommen. Weiterlesen Predigten \u00a0 Alle unsere Predigten werden aufgezeichnet. M\u00f6chtest du nochmals reinh\u00f6ren, oder hast du eine verpasst? Dann bist du hier richtig. Weiterlesen Gebetsabend Bibelabend Treffpunkt Jeden Mittwochabend treffen wir uns zu einem Gebets-, Bibelabend oder zum Treffpunkt. Wir nehmen uns Zeit f\u00fcr unsere Beziehung mit Gott. Weiterlesen Vision \u00a0 Unsere Vision ist eine gesunde und wachsende Kirche, die so sehr begeistert, dass immer mehr Menschen Gott gemeinsam anbeten. Weiterlesen Das Leitungsteam Unser Team besteht aus zwei Familien von Sch\u00f6tz. Wir haben selbst erlebt, wie Gott mit uns arbeitet und zu welchen Wundern er f\u00e4hig ist. Weiterlesen Unterst\u00fctzung Gerne kannst du das Oikos unterst\u00fctzen. Du f\u00f6rderst damit unsere Gottesdienste und Events sowie Projekte ausserhalb unserer Kirche. Spenden<\/p>\n","protected":false},"author":1,"featured_media":0,"parent":0,"menu_order":0,"comment_status":"closed","ping_status":"closed","template":"elementor_canvas","meta":{"footnotes":""},"class_list":["post-1845","page","type-page","status-publish","hentry"],"_links":{"self":[{"href":"https:\/\/oikos-schoetz.ch\/wordpress\/wp-json\/wp\/v2\/pages\/1845","targetHints":{"allow":["GET"]}}],"collection":[{"href":"https:\/\/oikos-schoetz.ch\/wordpress\/wp-json\/wp\/v2\/pages"}],"about":[{"href":"https:\/\/oikos-schoetz.ch\/wordpress\/wp-json\/wp\/v2\/types\/page"}],"author":[{"embeddable":true,"href":"https:\/\/oikos-schoetz.ch\/wordpress\/wp-json\/wp\/v2\/users\/1"}],"replies":[{"embeddable":true,"href":"https:\/\/oikos-schoetz.ch\/wordpress\/wp-json\/wp\/v2\/comments?post=1845"}],"version-history":[{"count":114,"href":"https:\/\/oikos-schoetz.ch\/wordpress\/wp-json\/wp\/v2\/pages\/1845\/revisions"}],"predecessor-version":[{"id":2495,"href":"https:\/\/oikos-schoetz.ch\/wordpress\/wp-json\/wp\/v2\/pages\/1845\/revisions\/2495"}],"wp:attachment":[{"href":"https:\/\/oikos-schoetz.ch\/wordpress\/wp-json\/wp\/v2\/media?parent=1845"}],"curies":[{"name":"wp","href":"https:\/\/api.w.org\/{rel}","templated":true}]}}