{"id":2058,"date":"2025-03-08T21:05:06","date_gmt":"2025-03-08T21:05:06","guid":{"rendered":"https:\/\/oikos-schoetz.ch\/wordpress\/?page_id=2058"},"modified":"2025-08-05T14:20:02","modified_gmt":"2025-08-05T14:20:02","slug":"christ-sein","status":"publish","type":"page","link":"https:\/\/oikos-schoetz.ch\/wordpress\/christ-sein\/","title":{"rendered":"Christ sein"},"content":{"rendered":"\t\t<div data-elementor-type=\"wp-page\" data-elementor-id=\"2058\" class=\"elementor elementor-2058\" data-elementor-post-type=\"page\">\n\t\t\t\t<div class=\"elementor-element elementor-element-11b5e4a e-flex e-con-boxed wpr-particle-no wpr-jarallax-no wpr-parallax-no wpr-sticky-section-no e-con e-parent\" data-id=\"11b5e4a\" data-element_type=\"container\">\n\t\t\t\t\t<div class=\"e-con-inner\">\n\t\t\t\t<div class=\"elementor-element elementor-element-27cb29a elementor-widget elementor-widget-heading\" data-id=\"27cb29a\" data-element_type=\"widget\" data-widget_type=\"heading.default\">\n\t\t\t\t<div class=\"elementor-widget-container\">\n\t\t\t\t\t<h2 class=\"elementor-heading-title elementor-size-default\">Christ sein<\/h2>\t\t\t\t<\/div>\n\t\t\t\t<\/div>\n\t\t\t\t\t<\/div>\n\t\t\t\t<\/div>\n\t\t<div class=\"elementor-element elementor-element-e5730c0 e-flex e-con-boxed wpr-particle-no wpr-jarallax-no wpr-parallax-no wpr-sticky-section-no e-con e-parent\" data-id=\"e5730c0\" data-element_type=\"container\">\n\t\t\t\t\t<div class=\"e-con-inner\">\n\t\t\t\t<div class=\"elementor-element elementor-element-e628fb7 elementor-widget elementor-widget-text-editor\" data-id=\"e628fb7\" data-element_type=\"widget\" data-widget_type=\"text-editor.default\">\n\t\t\t\t<div class=\"elementor-widget-container\">\n\t\t\t\t\t\t\t\t\t<blockquote><p><img fetchpriority=\"high\" decoding=\"async\" class=\"alignright wp-image-2060\" src=\"https:\/\/oikos-schoetz.ch\/wordpress\/wp-content\/uploads\/2025\/03\/Bibel-004-300x283.jpg\" alt=\"\" width=\"650\" height=\"613\" srcset=\"https:\/\/oikos-schoetz.ch\/wordpress\/wp-content\/uploads\/2025\/03\/Bibel-004-300x283.jpg 300w, https:\/\/oikos-schoetz.ch\/wordpress\/wp-content\/uploads\/2025\/03\/Bibel-004-768x724.jpg 768w, https:\/\/oikos-schoetz.ch\/wordpress\/wp-content\/uploads\/2025\/03\/Bibel-004.jpg 906w\" sizes=\"(max-width: 650px) 100vw, 650px\" \/><\/p><h4>\u00a0<\/h4><h4>\u00abChristsein bedeutet f\u00fcr mich, ein Leben in Beziehung mit Jesus zu f\u00fchren. Er hat nicht nur mich ver\u00e4ndert, sondern Freude, Offenheit und Liebe in mein Leben gebracht.\u00bb\u00a0\u00a0<\/h4><\/blockquote><p>Alles begann mit <b>Adam und Eva<\/b>. Sie haben Gottes Rat nicht befolgt und fielen in S\u00fcnde. Gott sagte, dass sie an dem Tag, als sie vom verbotenen Baum essen, \u201esterben\u201c w\u00fcrden (<a href=\"https:\/\/www.bibleserver.com\/ELB\/1.Mose3%2C3\" target=\"_blank\" rel=\"noopener\" type=\"wsc\/externallink\">1. Mose 3,3<\/a>). Nun, sie lebten weiter. Aber nicht wirklich:<\/p><p>Der Mensch besteht aus <b>Geist, Seele und Leib<\/b>. In diesem Augenblick war der Geist des Menschen gestorben. Nur K\u00f6rper und Seele lebten weiter. Das heisst, der Mensch hatte keine Beziehung mehr zu Gott, weil es der \u201eGeist\u201c des Menschen ist, der in geistlicher Verbindung mit Gott steht. Aber Gott wollte die volle Beziehung zu dem, was er geschaffen hat, wieder herstellen. Wie ist das m\u00f6glich?<\/p><p><b>\u201eReligion\u201c<\/b> ist der menschliche Versuch, die Br\u00fccke zu Gott wiederherzustellen. Doch das klappt nicht, der Mensch ist schlicht nicht f\u00e4hig dazu, weil er nie s\u00fcndlos sein kann, um mit dem heiligen Gott Gemeinschaft zu haben, bei dem keine S\u00fcnde Platz hat. Wie kann die Verbindung nun wieder geschaffen werden?<\/p><p>Gott hat selbst die <b>Initiative<\/b> ergriffen. Er wurde selbst Mensch und kam zu uns. Sein Name ist Jesus Christus. Jesus sagte, dass wir \u201evon neuem geboren werden\u201c m\u00fcssen. Nikodemus, sein Gespr\u00e4chspartner, fragt ihn, \u201eWie ist denn das m\u00f6glich?\u201c (<a href=\"https:\/\/www.bibleserver.com\/ELB\/Johannes3%2C3-4\" target=\"_blank\" rel=\"noopener\" type=\"wsc\/externallink\">Johannes 3,3-4<\/a>). Die Bibel berichtet, dass Jesus am Kreuz f\u00fcr unsere Schuld gestorben ist. Ich, jeder von uns, h\u00e4tte dort h\u00e4ngen m\u00fcssen, weil wir alle ges\u00fcndigt haben, aber Jesus hing dort stellvertretend f\u00fcr mich, f\u00fcr uns alle (<a href=\"https:\/\/www.bibleserver.com\/ELB\/R%C3%B6mer3%2C23\" target=\"_blank\" rel=\"noopener\" type=\"wsc\/externallink\">R\u00f6merbrief 3,23<\/a>).<\/p><p>Unsere <b>Antwort<\/b> darauf kann sein, dass wir das ignorieren. Dann leben wir weiter als K\u00f6rper und Seele bis zum Tod. Darauf folgt die Auferstehung, das Gericht und die ewige Verdammnis. Oder wir k\u00f6nnten das im <b>Glauben<\/b> annehmen, was Jesus f\u00fcr uns getan hat. Wir k\u00f6nnen ihm daf\u00fcr danken und uns von innen her kontinuierlich erneuern lassen, eben \u201evon neuem geboren werden\u201c. Auf diese Weise wird unser menschlicher Geist wieder lebendig. Christen sind Menschen, die auf diese Weise geistlich neu geboren sind und Jesus nachfolgen (daher die Redewendung \u201ewiedergeboren\u201c). Deshalb spricht die Bibel auch von J\u00fcngern, was so viel wie <b>Nachfolger<\/b> bedeutet.<\/p><p><b>Wie komme ich dazu?<\/b> Du kannst Jesus mit einfachen Worten sagen, dass du ihn brauchst, ihn bitten, dass er deine S\u00fcnden vergibt, weil er ja bereits am Kreuz daf\u00fcr bezahlt hat, und ihm die F\u00fchrung deines Lebens anvertrauen. Das ist wie wenn du ihn auf den Fahrersitz in deinem Auto l\u00e4sst. Er \u00fcbernimmt das Steuer, du bist Beifahrer <span class=\"custom-fontsize\">\u263a<\/span>.<\/p><p>Das <b>Resultat<\/b> ist, dass du befreit von S\u00fcnde bist, dass du ein neues Gesch\u00f6pf bist (<a href=\"https:\/\/www.bibleserver.com\/ELB\/2.Korinther5%2C17\" target=\"_blank\" rel=\"noopener\" type=\"wsc\/externallink\">2 Korinther 5,17<\/a>), weil dein Geist wieder lebendig und mit Gott in \u00dcbereinstimmung ist, und dass du sogar von Gott als sein Kind adoptiert wirst. Auf diese Weise kannst du sicher sein, dass du nach deinem Tod auch mit Gott im Himmel vereint bist (<a href=\"https:\/\/www.bibleserver.com\/ELB\/Johannes3%2C16\" target=\"_blank\" rel=\"noopener\" type=\"wsc\/externallink\">Johannes 3,16<\/a>). Du hast ein befreites neues Leben mit Gott an deiner Seite!<\/p><p><b>Hier ein Beispiel eines einfachen Gebetes, um Christ zu werden:<\/b><\/p><p>\u201eHerr Jesus Christus, ich anerkenne, dass du f\u00fcr all meine S\u00fcnden gestorben bist, einschliesslich der S\u00fcnde, dass ich dein grosses Opfer f\u00fcr mich bisher abgelehnt habe. Ich bitte dich um Vergebung und nehme diese dankbar an. Ich bitte dich, dass du mich zu einem Kind Gottes machst und mein Leben erneuerst. Ich will dir nachfolgen und gem\u00e4ss deinem Wort (die Bibel) leben. Hilf du mir dabei. F\u00fclle du mich mit deinem heiligen Geist. Amen.\u201c<\/p><p>Wenn du dieses Gebet gesprochen hast und Hilfe brauchst, wie du nun in deinem neuen Leben vorw\u00e4rts gehen kannst, w\u00fcrden wir uns riesig freuen, dich kennenzulernen. Bitte <a href=\"https:\/\/oikos-schoetz.ch\/wordpress\/kontakt\/\">kontaktiere uns<\/a>, damit wir dich auf deinem neuen Weg mit Jesus unterst\u00fctzen k\u00f6nnen.<\/p>\t\t\t\t\t\t\t\t<\/div>\n\t\t\t\t<\/div>\n\t\t\t\t\t<\/div>\n\t\t\t\t<\/div>\n\t\t\t\t<\/div>\n\t\t","protected":false},"excerpt":{"rendered":"<p>Christ sein \u00a0 \u00abChristsein bedeutet f\u00fcr mich, ein Leben in Beziehung mit Jesus zu f\u00fchren. Er hat nicht nur mich ver\u00e4ndert, sondern Freude, Offenheit und Liebe in mein Leben gebracht.\u00bb\u00a0\u00a0 Alles begann mit Adam und Eva. Sie haben Gottes Rat nicht befolgt und fielen in S\u00fcnde. Gott sagte, dass sie an dem Tag, als sie vom verbotenen Baum essen, \u201esterben\u201c w\u00fcrden (1. Mose 3,3). Nun, sie lebten weiter. Aber nicht wirklich: Der Mensch besteht aus Geist, Seele und Leib. In diesem Augenblick war der Geist des Menschen gestorben. Nur K\u00f6rper und Seele lebten weiter. Das heisst, der Mensch hatte keine Beziehung mehr zu Gott, weil es der \u201eGeist\u201c des Menschen ist, der in geistlicher Verbindung mit Gott steht. Aber Gott wollte die volle Beziehung zu dem, was er geschaffen hat, wieder herstellen. Wie ist das m\u00f6glich? \u201eReligion\u201c ist der menschliche Versuch, die Br\u00fccke zu Gott wiederherzustellen. Doch das klappt nicht, der Mensch ist schlicht nicht f\u00e4hig dazu, weil er nie s\u00fcndlos sein kann, um mit dem heiligen Gott Gemeinschaft zu haben, bei dem keine S\u00fcnde Platz hat. Wie kann die Verbindung nun wieder geschaffen werden? Gott hat selbst die Initiative ergriffen. Er wurde selbst Mensch und kam zu uns. Sein Name ist Jesus Christus. Jesus sagte, dass wir \u201evon neuem geboren werden\u201c m\u00fcssen. Nikodemus, sein Gespr\u00e4chspartner, fragt ihn, \u201eWie ist denn das m\u00f6glich?\u201c (Johannes 3,3-4). Die Bibel berichtet, dass Jesus am Kreuz f\u00fcr unsere Schuld gestorben ist. Ich, jeder von uns, h\u00e4tte dort h\u00e4ngen m\u00fcssen, weil wir alle ges\u00fcndigt haben, aber Jesus hing dort stellvertretend f\u00fcr mich, f\u00fcr uns alle (R\u00f6merbrief 3,23). Unsere Antwort darauf kann sein, dass wir das ignorieren. Dann leben wir weiter als K\u00f6rper und Seele bis zum Tod. Darauf folgt die Auferstehung, das Gericht und die ewige Verdammnis. Oder wir k\u00f6nnten das im Glauben annehmen, was Jesus f\u00fcr uns getan hat. Wir k\u00f6nnen ihm daf\u00fcr danken und uns von innen her kontinuierlich erneuern lassen, eben \u201evon neuem geboren werden\u201c. Auf diese Weise wird unser menschlicher Geist wieder lebendig. Christen sind Menschen, die auf diese Weise geistlich neu geboren sind und Jesus nachfolgen (daher die Redewendung \u201ewiedergeboren\u201c). Deshalb spricht die Bibel auch von J\u00fcngern, was so viel wie Nachfolger bedeutet. Wie komme ich dazu? Du kannst Jesus mit einfachen Worten sagen, dass du ihn brauchst, ihn bitten, dass er deine S\u00fcnden vergibt, weil er ja bereits am Kreuz daf\u00fcr bezahlt hat, und ihm die F\u00fchrung deines Lebens anvertrauen. Das ist wie wenn du ihn auf den Fahrersitz in deinem Auto l\u00e4sst. Er \u00fcbernimmt das Steuer, du bist Beifahrer \u263a. Das Resultat ist, dass du befreit von S\u00fcnde bist, dass du ein neues Gesch\u00f6pf bist (2 Korinther 5,17), weil dein Geist wieder lebendig und mit Gott in \u00dcbereinstimmung ist, und dass du sogar von Gott als sein Kind adoptiert wirst. Auf diese Weise kannst du sicher sein, dass du nach deinem Tod auch mit Gott im Himmel vereint bist (Johannes 3,16). Du hast ein befreites neues Leben mit Gott an deiner Seite! Hier ein Beispiel eines einfachen Gebetes, um Christ zu werden: \u201eHerr Jesus Christus, ich anerkenne, dass du f\u00fcr all meine S\u00fcnden gestorben bist, einschliesslich der S\u00fcnde, dass ich dein grosses Opfer f\u00fcr mich bisher abgelehnt habe. Ich bitte dich um Vergebung und nehme diese dankbar an. Ich bitte dich, dass du mich zu einem Kind Gottes machst und mein Leben erneuerst. Ich will dir nachfolgen und gem\u00e4ss deinem Wort (die Bibel) leben. Hilf du mir dabei. F\u00fclle du mich mit deinem heiligen Geist. Amen.\u201c Wenn du dieses Gebet gesprochen hast und Hilfe brauchst, wie du nun in deinem neuen Leben vorw\u00e4rts gehen kannst, w\u00fcrden wir uns riesig freuen, dich kennenzulernen. Bitte kontaktiere uns, damit wir dich auf deinem neuen Weg mit Jesus unterst\u00fctzen k\u00f6nnen.<\/p>\n","protected":false},"author":1,"featured_media":0,"parent":0,"menu_order":0,"comment_status":"closed","ping_status":"closed","template":"elementor_canvas","meta":{"footnotes":""},"class_list":["post-2058","page","type-page","status-publish","hentry"],"_links":{"self":[{"href":"https:\/\/oikos-schoetz.ch\/wordpress\/wp-json\/wp\/v2\/pages\/2058","targetHints":{"allow":["GET"]}}],"collection":[{"href":"https:\/\/oikos-schoetz.ch\/wordpress\/wp-json\/wp\/v2\/pages"}],"about":[{"href":"https:\/\/oikos-schoetz.ch\/wordpress\/wp-json\/wp\/v2\/types\/page"}],"author":[{"embeddable":true,"href":"https:\/\/oikos-schoetz.ch\/wordpress\/wp-json\/wp\/v2\/users\/1"}],"replies":[{"embeddable":true,"href":"https:\/\/oikos-schoetz.ch\/wordpress\/wp-json\/wp\/v2\/comments?post=2058"}],"version-history":[{"count":19,"href":"https:\/\/oikos-schoetz.ch\/wordpress\/wp-json\/wp\/v2\/pages\/2058\/revisions"}],"predecessor-version":[{"id":2369,"href":"https:\/\/oikos-schoetz.ch\/wordpress\/wp-json\/wp\/v2\/pages\/2058\/revisions\/2369"}],"wp:attachment":[{"href":"https:\/\/oikos-schoetz.ch\/wordpress\/wp-json\/wp\/v2\/media?parent=2058"}],"curies":[{"name":"wp","href":"https:\/\/api.w.org\/{rel}","templated":true}]}}