{"id":2089,"date":"2025-03-08T22:06:01","date_gmt":"2025-03-08T22:06:01","guid":{"rendered":"https:\/\/oikos-schoetz.ch\/wordpress\/?page_id=2089"},"modified":"2025-03-08T22:07:14","modified_gmt":"2025-03-08T22:07:14","slug":"wir-glauben","status":"publish","type":"page","link":"https:\/\/oikos-schoetz.ch\/wordpress\/wir-glauben\/","title":{"rendered":"Wir glauben"},"content":{"rendered":"\t\t<div data-elementor-type=\"wp-page\" data-elementor-id=\"2089\" class=\"elementor elementor-2089\" data-elementor-post-type=\"page\">\n\t\t\t\t<div class=\"elementor-element elementor-element-0b16f3a e-flex e-con-boxed wpr-particle-no wpr-jarallax-no wpr-parallax-no wpr-sticky-section-no e-con e-parent\" data-id=\"0b16f3a\" data-element_type=\"container\">\n\t\t\t\t\t<div class=\"e-con-inner\">\n\t\t\t\t<div class=\"elementor-element elementor-element-7483409 elementor-widget elementor-widget-heading\" data-id=\"7483409\" data-element_type=\"widget\" data-widget_type=\"heading.default\">\n\t\t\t\t<div class=\"elementor-widget-container\">\n\t\t\t\t\t<h2 class=\"elementor-heading-title elementor-size-default\">Wir glauben<\/h2>\t\t\t\t<\/div>\n\t\t\t\t<\/div>\n\t\t\t\t\t<\/div>\n\t\t\t\t<\/div>\n\t\t<div class=\"elementor-element elementor-element-1fd901a e-grid e-con-boxed wpr-particle-no wpr-jarallax-no wpr-parallax-no wpr-sticky-section-no e-con e-parent\" data-id=\"1fd901a\" data-element_type=\"container\">\n\t\t\t\t\t<div class=\"e-con-inner\">\n\t\t\t\t<div class=\"elementor-element elementor-element-f0107dc elementor-widget elementor-widget-text-editor\" data-id=\"f0107dc\" data-element_type=\"widget\" data-widget_type=\"text-editor.default\">\n\t\t\t\t<div class=\"elementor-widget-container\">\n\t\t\t\t\t\t\t\t\t<h5><span class=\"custom-fontsize textcolor-primaryColor\">Als evangelische Freikirche richtet sich unser Glaube nach dem allgemeinen apostolischen Glaubensbekenntnis:<\/span><\/h5><p>Ich glaube an Gott, den Vater, den Allm\u00e4chtigen, den Sch\u00f6pfer des Himmels und der Erde, und an Jesus Christus, seinen eingeborenen Sohn, unsern Herrn, empfangen durch den Heiligen Geist, geboren von der Jungfrau Maria, gelitten unter Pontius Pilatus, gekreuzigt, gestorben und begraben, hinabgestiegen in das Reich des Todes, am dritten Tage auferstanden von den Toten, aufgefahren in den Himmel, sitzend zur Rechten Gottes des allm\u00e4chtigen Vaters.<\/p><p>Von dort wird er kommen, zu richten die Lebenden und die Toten.<\/p><p>Ich glaube an den Heiligen Geist, die heilige christliche Kirche, die Gemeinschaft der Heiligen, die Vergebung der S\u00fcnden, die Auferstehung der Toten und das ewige Leben.<\/p><p>Amen.<\/p>\t\t\t\t\t\t\t\t<\/div>\n\t\t\t\t<\/div>\n\t\t\t\t<div class=\"elementor-element elementor-element-90ba3dc elementor-widget elementor-widget-image\" data-id=\"90ba3dc\" data-element_type=\"widget\" data-widget_type=\"image.default\">\n\t\t\t\t<div class=\"elementor-widget-container\">\n\t\t\t\t\t\t\t\t\t\t\t\t\t\t\t<img fetchpriority=\"high\" decoding=\"async\" width=\"960\" height=\"894\" src=\"https:\/\/oikos-schoetz.ch\/wordpress\/wp-content\/uploads\/2025\/03\/faith-2646353_1280-e1741470961888-1024x954.jpg\" class=\"attachment-large size-large wp-image-2091\" alt=\"\" srcset=\"https:\/\/oikos-schoetz.ch\/wordpress\/wp-content\/uploads\/2025\/03\/faith-2646353_1280-e1741470961888-1024x954.jpg 1024w, https:\/\/oikos-schoetz.ch\/wordpress\/wp-content\/uploads\/2025\/03\/faith-2646353_1280-e1741470961888-300x280.jpg 300w, https:\/\/oikos-schoetz.ch\/wordpress\/wp-content\/uploads\/2025\/03\/faith-2646353_1280-e1741470961888-768x716.jpg 768w, https:\/\/oikos-schoetz.ch\/wordpress\/wp-content\/uploads\/2025\/03\/faith-2646353_1280-e1741470961888.jpg 1030w\" sizes=\"(max-width: 960px) 100vw, 960px\" \/>\t\t\t\t\t\t\t\t\t\t\t\t\t\t\t<\/div>\n\t\t\t\t<\/div>\n\t\t\t\t\t<\/div>\n\t\t\t\t<\/div>\n\t\t<div class=\"elementor-element elementor-element-f43ffc7 e-flex e-con-boxed wpr-particle-no wpr-jarallax-no wpr-parallax-no wpr-sticky-section-no e-con e-parent\" data-id=\"f43ffc7\" data-element_type=\"container\">\n\t\t\t\t\t<div class=\"e-con-inner\">\n\t\t\t\t<div class=\"elementor-element elementor-element-31db759 elementor-widget elementor-widget-n-accordion\" data-id=\"31db759\" data-element_type=\"widget\" data-settings=\"{&quot;default_state&quot;:&quot;all_collapsed&quot;,&quot;max_items_expended&quot;:&quot;one&quot;,&quot;n_accordion_animation_duration&quot;:{&quot;unit&quot;:&quot;ms&quot;,&quot;size&quot;:400,&quot;sizes&quot;:[]}}\" data-widget_type=\"nested-accordion.default\">\n\t\t\t\t<div class=\"elementor-widget-container\">\n\t\t\t\t\t\t\t<div class=\"e-n-accordion\" aria-label=\"Accordion. Open links with Enter or Space, close with Escape, and navigate with Arrow Keys\">\n\t\t\t\t\t\t<details id=\"e-n-accordion-item-5220\" class=\"e-n-accordion-item\" >\n\t\t\t\t<summary class=\"e-n-accordion-item-title\" data-accordion-index=\"1\" tabindex=\"0\" aria-expanded=\"false\" aria-controls=\"e-n-accordion-item-5220\" >\n\t\t\t\t\t<span class='e-n-accordion-item-title-header'><div class=\"e-n-accordion-item-title-text\"> Und falls du es genauer wissen m\u00f6chtest: Wir halten uns an die folgenden biblisch fundierten Glaubensgrunds\u00e4tze, die auch die SPM (Schweizerische Pfingstmission) vertritt: <\/div><\/span>\n\t\t\t\t\t\t\t<span class='e-n-accordion-item-title-icon'>\n\t\t\t<span class='e-opened' ><svg aria-hidden=\"true\" class=\"e-font-icon-svg e-fas-minus\" viewBox=\"0 0 448 512\" xmlns=\"http:\/\/www.w3.org\/2000\/svg\"><path d=\"M416 208H32c-17.67 0-32 14.33-32 32v32c0 17.67 14.33 32 32 32h384c17.67 0 32-14.33 32-32v-32c0-17.67-14.33-32-32-32z\"><\/path><\/svg><\/span>\n\t\t\t<span class='e-closed'><svg aria-hidden=\"true\" class=\"e-font-icon-svg e-fas-plus\" viewBox=\"0 0 448 512\" xmlns=\"http:\/\/www.w3.org\/2000\/svg\"><path d=\"M416 208H272V64c0-17.67-14.33-32-32-32h-32c-17.67 0-32 14.33-32 32v144H32c-17.67 0-32 14.33-32 32v32c0 17.67 14.33 32 32 32h144v144c0 17.67 14.33 32 32 32h32c17.67 0 32-14.33 32-32V304h144c17.67 0 32-14.33 32-32v-32c0-17.67-14.33-32-32-32z\"><\/path><\/svg><\/span>\n\t\t<\/span>\n\n\t\t\t\t\t\t<\/summary>\n\t\t\t\t<div role=\"region\" aria-labelledby=\"e-n-accordion-item-5220\" class=\"elementor-element elementor-element-8c86ee7 e-con-full e-flex wpr-particle-no wpr-jarallax-no wpr-parallax-no wpr-sticky-section-no e-con e-child\" data-id=\"8c86ee7\" data-element_type=\"container\">\n\t\t\t\t<div class=\"elementor-element elementor-element-47a3a0c elementor-widget elementor-widget-text-editor\" data-id=\"47a3a0c\" data-element_type=\"widget\" data-widget_type=\"text-editor.default\">\n\t\t\t\t<div class=\"elementor-widget-container\">\n\t\t\t\t\t\t\t\t\t<p><span class=\"custom-fontsize\">Wir glauben&#8230;<\/span><\/p><p><span class=\"custom-fontsize\">1. &#8230;dass die Bibel das inspirierte Wort Gottes und deren Inhalt unfehlbare g\u00f6ttliche Offenbarung ist. (<a href=\"https:\/\/www.bibleserver.com\/ELB\/2.Timotheus3%2C14-17\" target=\"_blank\" rel=\"noopener\" type=\"wsc\/externallink\">2.Tim. 3:14-17<\/a>, <a href=\"https:\/\/www.bibleserver.com\/ELB\/2.Petrus1%2C19-21\" target=\"_blank\" rel=\"noopener\" type=\"wsc\/externallink\">2. Petr. 1:19-21<\/a>)<\/span><\/p><p><span class=\"custom-fontsize\">2. &#8230;an den alleinigen Gott, Sch\u00f6pfer, Erhalter und Richter aller Menschen, der sich in drei Personen offenbart, Vater, Sohn und Heiliger Geist. (<a href=\"https:\/\/www.bibleserver.com\/ELB\/R%C3%B6mer1%2C19-20\" target=\"_blank\" rel=\"noopener\" type=\"wsc\/externallink\">R\u00f6m. 1:19-20<\/a>, <a href=\"https:\/\/www.bibleserver.com\/ELB\/Jesaja45%2C5\" target=\"_blank\" rel=\"noopener\" type=\"wsc\/externallink\">Jes. 45:5<\/a>, <a href=\"https:\/\/www.bibleserver.com\/ELB\/Matth%C3%A4us28%2C19\" target=\"_blank\" rel=\"noopener\" type=\"wsc\/externallink\">Mt. 28:19<\/a>)<\/span><\/p><p><span class=\"custom-fontsize\">3. &#8230;an den S\u00fcndenfall der ersten Menschen und die Verdorbenheit aller Menschen durch pers\u00f6nliche S\u00fcnde. (<a href=\"https:\/\/www.bibleserver.com\/ELB\/R%C3%B6mer5%2C12\" target=\"_blank\" rel=\"noopener\" type=\"wsc\/externallink\">R\u00f6m. 5:12<\/a>, <a href=\"https:\/\/www.bibleserver.com\/ELB\/R%C3%B6mer3%2C23\" target=\"_blank\" rel=\"noopener\" type=\"wsc\/externallink\">R\u00f6m. 3:23<\/a>, <a href=\"https:\/\/www.bibleserver.com\/ELB\/1.Mose3%2C1-7\" target=\"_blank\" rel=\"noopener\" type=\"wsc\/externallink\">1. Mose 3:1-7<\/a>)<\/span><\/p><p><span class=\"custom-fontsize\">4. &#8230;an die Menschwerdung Christi, dem Sohn Gottes, seine am Kreuz vollbrachte Vers\u00f6hnung und Erl\u00f6sung f\u00fcr alle Menschen und an seine leibliche Auferstehung. (<a href=\"https:\/\/www.bibleserver.com\/ELB\/Galater4%2C4\" target=\"_blank\" rel=\"noopener\" type=\"wsc\/externallink\">Gal. 4:4<\/a>, <a href=\"https:\/\/www.bibleserver.com\/ELB\/Apostelgeschichte10%2C40-41\" target=\"_blank\" rel=\"noopener\" type=\"wsc\/externallink\">Apg. 10:40-41<\/a>)<\/span><\/p><p><span class=\"custom-fontsize\">5. &#8230;an das einzige Heil aller Menschen, allein durch Glauben an Jesus Christus, den Sohn Gottes. (<a href=\"https:\/\/www.bibleserver.com\/ELB\/Apostelgeschichte4%2C12\" target=\"_blank\" rel=\"noopener\" type=\"wsc\/externallink\">Apg. 4:12<\/a>, <a href=\"https:\/\/www.bibleserver.com\/ELB\/1.Timotheus2%2C5\" target=\"_blank\" rel=\"noopener\" type=\"wsc\/externallink\">1. Tim. 2:5<\/a>, <a href=\"https:\/\/www.bibleserver.com\/ELB\/Epheser2%2C8\" target=\"_blank\" rel=\"noopener\" type=\"wsc\/externallink\">Eph. 2:8<\/a>)<\/span><\/p><p><span class=\"custom-fontsize\">6. &#8230;an Busse, Bekehrung und Wiedergeburt, sowie Heiligung zur Vollendung. (<a href=\"https:\/\/www.bibleserver.com\/ELB\/Apostelgeschichte17%2C30\" target=\"_blank\" rel=\"noopener\" type=\"wsc\/externallink\">Apg. 17:30<\/a>, <a href=\"https:\/\/www.bibleserver.com\/ELB\/Johannes3%2C3-8\" target=\"_blank\" rel=\"noopener\" type=\"wsc\/externallink\">Joh. 3:3-8<\/a>, <a href=\"https:\/\/www.bibleserver.com\/ELB\/Hebr%C3%A4er12%2C14\" target=\"_blank\" rel=\"noopener\" type=\"wsc\/externallink\">Hebr. 12:14<\/a>, <a href=\"https:\/\/www.bibleserver.com\/ELB\/1.Thessalonicher5%2C23\" target=\"_blank\" rel=\"noopener\" type=\"wsc\/externallink\">1. Thess. 5:23<\/a>)<\/span><\/p><p><span class=\"custom-fontsize\">7. &#8230;an die Wassertaufe f\u00fcr Gl\u00e4ubig gewordene und das Abendmahl als Ged\u00e4chtnismahl Christi f\u00fcr die Gemeinde. (<a href=\"https:\/\/www.bibleserver.com\/ELB\/Matth%C3%A4us28%2C19\" target=\"_blank\" rel=\"noopener\" type=\"wsc\/externallink\">Mt. 28:19<\/a>, <a href=\"https:\/\/www.bibleserver.com\/ELB\/1.Korinther11%2C23-29\" target=\"_blank\" rel=\"noopener\" type=\"wsc\/externallink\">1. Kor. 11:23-29<\/a>)<\/span><\/p><p><span class=\"custom-fontsize\">8. &#8230;an die verbindliche Zugeh\u00f6rigkeit zu einer Lokalgemeinde und Bet\u00e4tigung in derselben. (<a href=\"https:\/\/www.bibleserver.com\/ELB\/Apostelgeschichte2%2C41-47\" target=\"_blank\" rel=\"noopener\" type=\"wsc\/externallink\">Apg. 2:41-47<\/a>)<\/span><\/p><p><span class=\"custom-fontsize\">9. &#8230;an die Geistesgaben und die biblischen \u00c4mter zur Erbauung des Leibes Christi. (<a href=\"https:\/\/www.bibleserver.com\/ELB\/Epheser4%2C7-16\" target=\"_blank\" rel=\"noopener\" type=\"wsc\/externallink\">Eph. 4:7-16<\/a>, <a href=\"https:\/\/www.bibleserver.com\/ELB\/1.Korinther12%2C1-31\" target=\"_blank\" rel=\"noopener\" type=\"wsc\/externallink\">1. Kor. 12:1-31<\/a>)<\/span><\/p><p><span class=\"custom-fontsize\">10. &#8230;an die Taufe in den Heiligen Geist mit den schriftgem\u00e4ss folgenden Zeichen. (<a href=\"https:\/\/www.bibleserver.com\/ELB\/Lukas3%2C16\" target=\"_blank\" rel=\"noopener\" type=\"wsc\/externallink\">Luk. 3:16<\/a>, <a href=\"https:\/\/www.bibleserver.com\/ELB\/Apostelgeschichte2%2C4\" target=\"_blank\" rel=\"noopener\" type=\"wsc\/externallink\">Apg. 2:4<\/a>, <a href=\"https:\/\/www.bibleserver.com\/ELB\/Apostelgeschichte1%2C4-5\" target=\"_blank\" rel=\"noopener\" type=\"wsc\/externallink\">Apg. 1:4-5<\/a>)<\/span><\/p><p><span class=\"custom-fontsize\">11. &#8230;an die g\u00f6ttliche Heilung von Krankheit des Leibes aufgrund des vollbrachten Erl\u00f6sungswerkes von Golgatha. (<a href=\"https:\/\/www.bibleserver.com\/ELB\/Jesaja53%2C4\" target=\"_blank\" rel=\"noopener\" type=\"wsc\/externallink\">Jes. 53:4<\/a>, <a href=\"https:\/\/www.bibleserver.com\/ELB\/Matth%C3%A4us8%2C16-17\" target=\"_blank\" rel=\"noopener\" type=\"wsc\/externallink\">Mt. 8:16-17<\/a>, <a href=\"https:\/\/www.bibleserver.com\/ELB\/Jakobus5%2C14-16\" target=\"_blank\" rel=\"noopener\" type=\"wsc\/externallink\">Jak. 5:14-16<\/a>)<\/span><\/p><p><span class=\"custom-fontsize\">12. &#8230;an die Wiederkunft Christi und die Entr\u00fcckung der Gl\u00e4ubigen vorg\u00e4ngig dem tausendj\u00e4hrigen Reich Christi auf Erden. (<a href=\"https:\/\/www.bibleserver.com\/ELB\/Apostelgeschichte1%2C11\" target=\"_blank\" rel=\"noopener\" type=\"wsc\/externallink\">Apg. 1:11<\/a>, <a href=\"https:\/\/www.bibleserver.com\/ELB\/1.Thessalonicher4%2C13-18\" target=\"_blank\" rel=\"noopener\" type=\"wsc\/externallink\">1. Thess. 4:13-18<\/a>, <a href=\"https:\/\/www.bibleserver.com\/ELB\/1.Korinther15%2C51-57\" target=\"_blank\" rel=\"noopener\" type=\"wsc\/externallink\">1. Kor. 15:51-57<\/a>, <a href=\"https:\/\/www.bibleserver.com\/ELB\/Offenbarung20%2C1-6\" target=\"_blank\" rel=\"noopener\" type=\"wsc\/externallink\">Off. 20:1-6<\/a>)<\/span><\/p><p><span class=\"custom-fontsize\">13. &#8230;an das Preisgericht Jesu Christi und das letzte Gericht. (<a href=\"https:\/\/www.bibleserver.com\/ELB\/2.Korinther5%2C10\" target=\"_blank\" rel=\"noopener\" type=\"wsc\/externallink\">2. Kor. 5:10<\/a>, <a href=\"https:\/\/www.bibleserver.com\/ELB\/Offenbarung20%2C11-15\" target=\"_blank\" rel=\"noopener\" type=\"wsc\/externallink\">Off. 20:11-15<\/a>)<\/span><\/p>\t\t\t\t\t\t\t\t<\/div>\n\t\t\t\t<\/div>\n\t\t\t\t<\/div>\n\t\t\t\t\t<\/details>\n\t\t\t\t\t<\/div>\n\t\t\t\t\t\t<\/div>\n\t\t\t\t<\/div>\n\t\t\t\t\t<\/div>\n\t\t\t\t<\/div>\n\t\t\t\t<\/div>\n\t\t","protected":false},"excerpt":{"rendered":"<p>Wir glauben Als evangelische Freikirche richtet sich unser Glaube nach dem allgemeinen apostolischen Glaubensbekenntnis: Ich glaube an Gott, den Vater, den Allm\u00e4chtigen, den Sch\u00f6pfer des Himmels und der Erde, und an Jesus Christus, seinen eingeborenen Sohn, unsern Herrn, empfangen durch den Heiligen Geist, geboren von der Jungfrau Maria, gelitten unter Pontius Pilatus, gekreuzigt, gestorben und begraben, hinabgestiegen in das Reich des Todes, am dritten Tage auferstanden von den Toten, aufgefahren in den Himmel, sitzend zur Rechten Gottes des allm\u00e4chtigen Vaters. Von dort wird er kommen, zu richten die Lebenden und die Toten. Ich glaube an den Heiligen Geist, die heilige christliche Kirche, die Gemeinschaft der Heiligen, die Vergebung der S\u00fcnden, die Auferstehung der Toten und das ewige Leben. Amen. Und falls du es genauer wissen m\u00f6chtest: Wir halten uns an die folgenden biblisch fundierten Glaubensgrunds\u00e4tze, die auch die SPM (Schweizerische Pfingstmission) vertritt: Wir glauben&#8230; 1. &#8230;dass die Bibel das inspirierte Wort Gottes und deren Inhalt unfehlbare g\u00f6ttliche Offenbarung ist. (2.Tim. 3:14-17, 2. Petr. 1:19-21) 2. &#8230;an den alleinigen Gott, Sch\u00f6pfer, Erhalter und Richter aller Menschen, der sich in drei Personen offenbart, Vater, Sohn und Heiliger Geist. (R\u00f6m. 1:19-20, Jes. 45:5, Mt. 28:19) 3. &#8230;an den S\u00fcndenfall der ersten Menschen und die Verdorbenheit aller Menschen durch pers\u00f6nliche S\u00fcnde. (R\u00f6m. 5:12, R\u00f6m. 3:23, 1. Mose 3:1-7) 4. &#8230;an die Menschwerdung Christi, dem Sohn Gottes, seine am Kreuz vollbrachte Vers\u00f6hnung und Erl\u00f6sung f\u00fcr alle Menschen und an seine leibliche Auferstehung. (Gal. 4:4, Apg. 10:40-41) 5. &#8230;an das einzige Heil aller Menschen, allein durch Glauben an Jesus Christus, den Sohn Gottes. (Apg. 4:12, 1. Tim. 2:5, Eph. 2:8) 6. &#8230;an Busse, Bekehrung und Wiedergeburt, sowie Heiligung zur Vollendung. (Apg. 17:30, Joh. 3:3-8, Hebr. 12:14, 1. Thess. 5:23) 7. &#8230;an die Wassertaufe f\u00fcr Gl\u00e4ubig gewordene und das Abendmahl als Ged\u00e4chtnismahl Christi f\u00fcr die Gemeinde. (Mt. 28:19, 1. Kor. 11:23-29) 8. &#8230;an die verbindliche Zugeh\u00f6rigkeit zu einer Lokalgemeinde und Bet\u00e4tigung in derselben. (Apg. 2:41-47) 9. &#8230;an die Geistesgaben und die biblischen \u00c4mter zur Erbauung des Leibes Christi. (Eph. 4:7-16, 1. Kor. 12:1-31) 10. &#8230;an die Taufe in den Heiligen Geist mit den schriftgem\u00e4ss folgenden Zeichen. (Luk. 3:16, Apg. 2:4, Apg. 1:4-5) 11. &#8230;an die g\u00f6ttliche Heilung von Krankheit des Leibes aufgrund des vollbrachten Erl\u00f6sungswerkes von Golgatha. (Jes. 53:4, Mt. 8:16-17, Jak. 5:14-16) 12. &#8230;an die Wiederkunft Christi und die Entr\u00fcckung der Gl\u00e4ubigen vorg\u00e4ngig dem tausendj\u00e4hrigen Reich Christi auf Erden. (Apg. 1:11, 1. Thess. 4:13-18, 1. Kor. 15:51-57, Off. 20:1-6) 13. &#8230;an das Preisgericht Jesu Christi und das letzte Gericht. (2. Kor. 5:10, Off. 20:11-15) Wir glauben&#8230; 1. &#8230;dass die Bibel das inspirierte Wort Gottes und deren Inhalt unfehlbare g\u00f6ttliche Offenbarung ist. (2.Tim. 3:14-17, 2. Petr. 1:19-21) 2. &#8230;an den alleinigen Gott, Sch\u00f6pfer, Erhalter und Richter aller Menschen, der sich in drei Personen offenbart, Vater, Sohn und Heiliger Geist. (R\u00f6m. 1:19-20, Jes. 45:5, Mt. 28:19) 3. &#8230;an den S\u00fcndenfall der ersten Menschen und die Verdorbenheit aller Menschen durch pers\u00f6nliche S\u00fcnde. (R\u00f6m. 5:12, R\u00f6m. 3:23, 1. Mose 3:1-7) 4. &#8230;an die Menschwerdung Christi, dem Sohn Gottes, seine am Kreuz vollbrachte Vers\u00f6hnung und Erl\u00f6sung f\u00fcr alle Menschen und an seine leibliche Auferstehung. (Gal. 4:4, Apg. 10:40-41) 5. &#8230;an das einzige Heil aller Menschen, allein durch Glauben an Jesus Christus, den Sohn Gottes. (Apg. 4:12, 1. Tim. 2:5, Eph. 2:8) 6. &#8230;an Busse, Bekehrung und Wiedergeburt, sowie Heiligung zur Vollendung. (Apg. 17:30, Joh. 3:3-8, Hebr. 12:14, 1. Thess. 5:23) 7. &#8230;an die Wassertaufe f\u00fcr Gl\u00e4ubig gewordene und das Abendmahl als Ged\u00e4chtnismahl Christi f\u00fcr die Gemeinde. (Mt. 28:19, 1. Kor. 11:23-29) 8. &#8230;an die verbindliche Zugeh\u00f6rigkeit zu einer Lokalgemeinde und Bet\u00e4tigung in derselben. (Apg. 2:41-47) 9. &#8230;an die Geistesgaben und die biblischen \u00c4mter zur Erbauung des Leibes Christi. (Eph. 4:7-16, 1. Kor. 12:1-31) 10. &#8230;an die Taufe in den Heiligen Geist mit den schriftgem\u00e4ss folgenden Zeichen. (Luk. 3:16, Apg. 2:4, Apg. 1:4-5) 11. &#8230;an die g\u00f6ttliche Heilung von Krankheit des Leibes aufgrund des vollbrachten Erl\u00f6sungswerkes von Golgatha. (Jes. 53:4, Mt. 8:16-17, Jak. 5:14-16) 12. &#8230;an die Wiederkunft Christi und die Entr\u00fcckung der Gl\u00e4ubigen vorg\u00e4ngig dem tausendj\u00e4hrigen Reich Christi auf Erden. (Apg. 1:11, 1. Thess. 4:13-18, 1. Kor. 15:51-57, Off. 20:1-6) 13. &#8230;an das Preisgericht Jesu Christi und das letzte Gericht. (2. Kor. 5:10, Off. 20:11-15)<\/p>\n","protected":false},"author":1,"featured_media":0,"parent":0,"menu_order":0,"comment_status":"closed","ping_status":"closed","template":"elementor_canvas","meta":{"footnotes":""},"class_list":["post-2089","page","type-page","status-publish","hentry"],"_links":{"self":[{"href":"https:\/\/oikos-schoetz.ch\/wordpress\/wp-json\/wp\/v2\/pages\/2089","targetHints":{"allow":["GET"]}}],"collection":[{"href":"https:\/\/oikos-schoetz.ch\/wordpress\/wp-json\/wp\/v2\/pages"}],"about":[{"href":"https:\/\/oikos-schoetz.ch\/wordpress\/wp-json\/wp\/v2\/types\/page"}],"author":[{"embeddable":true,"href":"https:\/\/oikos-schoetz.ch\/wordpress\/wp-json\/wp\/v2\/users\/1"}],"replies":[{"embeddable":true,"href":"https:\/\/oikos-schoetz.ch\/wordpress\/wp-json\/wp\/v2\/comments?post=2089"}],"version-history":[{"count":7,"href":"https:\/\/oikos-schoetz.ch\/wordpress\/wp-json\/wp\/v2\/pages\/2089\/revisions"}],"predecessor-version":[{"id":2097,"href":"https:\/\/oikos-schoetz.ch\/wordpress\/wp-json\/wp\/v2\/pages\/2089\/revisions\/2097"}],"wp:attachment":[{"href":"https:\/\/oikos-schoetz.ch\/wordpress\/wp-json\/wp\/v2\/media?parent=2089"}],"curies":[{"name":"wp","href":"https:\/\/api.w.org\/{rel}","templated":true}]}}